{"id":1308,"date":"2024-01-29T17:48:55","date_gmt":"2024-01-29T14:48:55","guid":{"rendered":"https:\/\/e-tineret.md\/?page_id=1308"},"modified":"2024-09-26T19:00:46","modified_gmt":"2024-09-26T16:00:46","slug":"1308-2","status":"publish","type":"page","link":"https:\/\/e-tineret.md\/en\/1308-2\/","title":{"rendered":"home en"},"content":{"rendered":"\n\n\t\n<h2>\n\t\tLatest News\n\t<\/h2>\n<h2>\n\t\tEvents\n\t<\/h2>\n\t[events-calendar-templates template=&#8221;grid-view&#8221; category=&#8221;all&#8221; date_format=&#8221;default&#8221; start_date=&#8221;&#8221; end_date=&#8221;&#8221; limit=&#8221;4&#8243; order=&#8221;ASC&#8221; hide-venue=&#8221;no&#8221; time=&#8221;future&#8221; featured-only=&#8221;false&#8221; columns=&#8221;4&#8243; autoplay=&#8221;true&#8221; tags=&#8221;&#8221; venues=&#8221;&#8221; organizers=&#8221;&#8221; socialshare=&#8221;no&#8221;]\n\t\t\t<a href=\"https:\/\/e-tineret.md\/en\/events\/\" target=\"_self\" rel=\"noopener\">\n\t\t\t\t\t\t\tView all events\n\t\t\t\t\t<\/a>\n<h2>\n\t\tOpportunities\n\t<\/h2>\n\t\t\t\t<img loading=\"lazy\" decoding=\"async\" src=\"https:\/\/e-tineret.md\/wp-content\/uploads\/2024\/02\/Group-113.png\" alt=\"Group 113\" itemprop=\"image\" height=\"66\" width=\"66\" title=\"Group 113\" onerror=\"this.style.display='none'\"  \/>\n<h4>\n\t\tI want to become a volunteer\n\t<\/h4>\n\t\t\t<a href=\"https:\/\/e-tineret.md\/en\/category\/opportunities\/i-want-to-become-a-volunteer\/\" target=\"_self\" rel=\"noopener\">\n\t\t\t\t\t\t\tRead more\n\t\t\t\t\t<\/a>\n\t\t\t\t<img loading=\"lazy\" decoding=\"async\" src=\"https:\/\/e-tineret.md\/wp-content\/uploads\/2024\/02\/Group-116.png\" alt=\"Group 116\" itemprop=\"image\" height=\"67\" width=\"65\" title=\"Group 116\" onerror=\"this.style.display='none'\"  \/>\n<h4>\n\t\tActivities for personal development and planning free time\n\t<\/h4>\n\t\t\t<a href=\"https:\/\/e-tineret.md\/en\/category\/opportunities\/personal-development-and-leisure-time-planning-activity\/\" target=\"_self\" rel=\"noopener\">\n\t\t\t\t\t\t\tRead more\n\t\t\t\t\t<\/a>\n\t\t\t\t<img loading=\"lazy\" decoding=\"async\" src=\"https:\/\/e-tineret.md\/wp-content\/uploads\/2024\/02\/Group-117.png\" alt=\"Group 117\" itemprop=\"image\" height=\"67\" width=\"79\" title=\"Group 117\" onerror=\"this.style.display='none'\"  \/>\n<h4>\n\t\tVacancies\n\t<\/h4>\n\t\t\t<a href=\"https:\/\/e-tineret.md\/en\/category\/opportunities\/vacancies\/\" target=\"_self\" rel=\"noopener\">\n\t\t\t\t\t\t\tRead more\n\t\t\t\t\t<\/a>\n\t<h2 data-plugininputid=\"1590\">Make an active agenda with the E-tineret app!<\/h2>\nCreated especially for young people eager for adventure and knowledge, this innovative application made available by the Municipal Youth Center brings you the hottest events, unique development opportunities, exciting activities and exclusive offers, all designed to enrich your life, just a click away. social and professional.\nDownload E-tineret now and start exploring!\n\t\t<ul>\n\t\t\t\t\t<li>\n\t\t\t\t\t\t\t\t\t\t\t<img decoding=\"async\" src=\"https:\/\/e-tineret.md\/wp-content\/uploads\/2024\/01\/Group-276.png\" alt=\"Group 276\" role=\"presentation\" \/>\n\t\t\t\t<h3>Loads faster!<\/h3>\n\t\t\t<\/li>\n\t\t\t\t\t<li>\n\t\t\t\t\t\t\t\t\t\t\t<img decoding=\"async\" src=\"https:\/\/e-tineret.md\/wp-content\/uploads\/2024\/01\/Group-277.png\" alt=\"Group 277\" role=\"presentation\" \/>\n\t\t\t\t<h3>Secure!<\/h3>\n\t\t\t<\/li>\n\t\t\t\t\t<li>\n\t\t\t\t\t\t\t\t\t\t\t<img decoding=\"async\" src=\"https:\/\/e-tineret.md\/wp-content\/uploads\/2024\/01\/Group-276-1.png\" alt=\"Group 276\" role=\"presentation\" \/>\n\t\t\t\t<h3>Easy to navigate!<\/h3>\n\t\t\t<\/li>\n\t\t\t\t<\/ul>\n\t\t\t\t<a href=\"https:\/\/apps.apple.com\/md\/app\/e-tineret\/id6447437292\" target=\"_self\" itemprop=\"url\" rel=\"noopener\">\n\t\t\t\t<img loading=\"lazy\" decoding=\"async\" src=\"https:\/\/e-tineret.md\/wp-content\/uploads\/2024\/01\/AppStore.png\" alt=\"AppStore\" itemprop=\"image\" height=\"71\" width=\"230\" title=\"AppStore\" onerror=\"this.style.display='none'\"  \/>\n\t\t\t\t<\/a>\n\t\t\t\t<img loading=\"lazy\" decoding=\"async\" src=\"https:\/\/e-tineret.md\/wp-content\/uploads\/2024\/02\/E-tineret-IOS-white-150x150.png\" alt=\"E-tineret IOS white\" itemprop=\"image\" height=\"150\" width=\"150\" title=\"E-tineret IOS white\" onerror=\"this.style.display='none'\"  \/>\n\t\t\t\t<a href=\"https:\/\/play.google.com\/store\/apps\/details?id=com.etineretcmc.app\" target=\"_self\" itemprop=\"url\" rel=\"noopener\">\n\t\t\t\t<img loading=\"lazy\" decoding=\"async\" src=\"https:\/\/e-tineret.md\/wp-content\/uploads\/2024\/01\/Google_Store.png\" alt=\"Google_Store\" itemprop=\"image\" height=\"71\" width=\"239\" title=\"Google_Store\" onerror=\"this.style.display='none'\"  \/>\n\t\t\t\t<\/a>\n\t\t\t\t<img loading=\"lazy\" decoding=\"async\" src=\"https:\/\/e-tineret.md\/wp-content\/uploads\/2024\/02\/E-tineret-Android-white-150x150.png\" alt=\"E-tineret Android white\" itemprop=\"image\" height=\"150\" width=\"150\" title=\"E-tineret Android white\" onerror=\"this.style.display='none'\"  \/>\n<h2>\n\t\tReviews\n\t<\/h2>\n\t<meta itemscope itemprop=\"mainEntityOfPage\" itemtype=\"https:\/\/schema.org\/WebPage\" itemid=\"http:\/\/4196\" content=\"Emilia Moldovanu\" \/><meta itemprop=\"datePublished\" content=\"2024-02-01\" \/><meta itemprop=\"dateModified\" content=\"2024-02-01\" \/><meta itemprop=\"name\" content=\"E-tineret\"\/><meta itemprop=\"url\" content=\"https:\/\/e-tineret.md\/en\/author\/alexei\/\" \/><meta itemprop=\"name\" content=\"Alexei\" \/><meta itemprop=\"url\" content=\"https:\/\/e-tineret.md\/wp-content\/uploads\/2024\/02\/photo_2024-01-30_19-37-08.jpg\" \/><meta itemprop=\"width\" content=\"865\" \/><meta itemprop=\"height\" content=\"1280\" \/><meta itemprop=\"interactionType\" content=\"https:\/\/schema.org\/CommentAction\" \/><meta itemprop=\"userInteractionCount\" content=\"0\" \/>\t\n\t\t\t<a href=\"https:\/\/e-tineret.md\/en\/emilia-moldovanu\/\" title=\"Emilia Moldovanu\"><\/a>\n\t\t\t\t<img loading=\"lazy\" decoding=\"async\" src=\"https:\/\/e-tineret.md\/wp-content\/uploads\/bb-plugin\/cache\/photo_2024-01-30_19-37-08-692x1024-circle-435d9dcfa3b9e27b7e94031f66755b82-.jpg\" alt=\"photo_2024-01-30_19-37-08\" itemprop=\"image\" data-no-lazy=\"1\" height=\"1024\" width=\"692\" title=\"photo_2024-01-30_19-37-08\" onerror=\"this.style.display='none'\"  \/>\n\t\t\t\t\t\t\t\n\t\t\t\t\t\t\t\t\t\t\tEmilia Moldovanu\t\t\t\t\t\t\t\t\t\n    <p>Coming to the Municipal Youth Center every day has become a part of my life, remarkably vibrant and unique. The first thing I do when I arrive at the Center&hellip;<\/p>\n\t<meta itemscope itemprop=\"mainEntityOfPage\" itemtype=\"https:\/\/schema.org\/WebPage\" itemid=\"http:\/\/4197\" content=\"Covali Ana\" \/><meta itemprop=\"datePublished\" content=\"2024-02-01\" \/><meta itemprop=\"dateModified\" content=\"2024-02-01\" \/><meta itemprop=\"name\" content=\"E-tineret\"\/><meta itemprop=\"url\" content=\"https:\/\/e-tineret.md\/en\/author\/alexei\/\" \/><meta itemprop=\"name\" content=\"Alexei\" \/><meta itemprop=\"url\" content=\"https:\/\/e-tineret.md\/wp-content\/uploads\/2024\/02\/photo_2024-01-30_19-37-04.jpg\" \/><meta itemprop=\"width\" content=\"1032\" \/><meta itemprop=\"height\" content=\"1032\" \/><meta itemprop=\"interactionType\" content=\"https:\/\/schema.org\/CommentAction\" \/><meta itemprop=\"userInteractionCount\" content=\"0\" \/>\t\n\t\t\t<a href=\"https:\/\/e-tineret.md\/en\/covali-ana\/\" title=\"Covali Ana\"><\/a>\n\t\t\t\t<img loading=\"lazy\" decoding=\"async\" src=\"https:\/\/e-tineret.md\/wp-content\/uploads\/bb-plugin\/cache\/photo_2024-01-30_19-37-04-1024x1024-circle-789c401ff263ec3482860510beceb205-.jpg\" alt=\"photo_2024-01-30_19-37-04\" itemprop=\"image\" data-no-lazy=\"1\" height=\"1024\" width=\"1024\" title=\"photo_2024-01-30_19-37-04\" onerror=\"this.style.display='none'\"  \/>\n\t\t\t\t\t\t\t\n\t\t\t\t\t\t\t\t\t\t\tCovali Ana\t\t\t\t\t\t\t\t\t\n    <p>Every time I come to the center, I feel GREAT, but the activities vary from day to day. One day I may participate in an interest club, another day in&hellip;<\/p>\n\t<meta itemscope itemprop=\"mainEntityOfPage\" itemtype=\"https:\/\/schema.org\/WebPage\" itemid=\"http:\/\/4200\" content=\"Bu\u015fil\u0103 Cosmina &#8211; Voluntar\u0103\" \/><meta itemprop=\"datePublished\" content=\"2024-02-01\" \/><meta itemprop=\"dateModified\" content=\"2024-02-01\" \/><meta itemprop=\"name\" content=\"E-tineret\"\/><meta itemprop=\"url\" content=\"https:\/\/e-tineret.md\/en\/author\/alexei\/\" \/><meta itemprop=\"name\" content=\"Alexei\" \/><meta itemprop=\"url\" content=\"https:\/\/e-tineret.md\/wp-content\/uploads\/2024\/02\/IMG_3938.jpg\" \/><meta itemprop=\"width\" content=\"960\" \/><meta itemprop=\"height\" content=\"1280\" \/><meta itemprop=\"interactionType\" content=\"https:\/\/schema.org\/CommentAction\" \/><meta itemprop=\"userInteractionCount\" content=\"0\" \/>\t\n\t\t\t<a href=\"https:\/\/e-tineret.md\/en\/busila-cosmina-voluntara\/\" title=\"Bu\u015fil\u0103 Cosmina &#8211; Voluntar\u0103\"><\/a>\n\t\t\t\t<img loading=\"lazy\" decoding=\"async\" src=\"https:\/\/e-tineret.md\/wp-content\/uploads\/bb-plugin\/cache\/IMG_3938-768x1024-circle-73ecb9b3910eeb1cc8819e85d5acb4ee-.jpg\" alt=\"IMG_3938\" itemprop=\"image\" data-no-lazy=\"1\" height=\"1024\" width=\"768\" title=\"IMG_3938\" onerror=\"this.style.display='none'\"  \/>\n\t\t\t\t\t\t\t\n\t\t\t\t\t\t\t\t\t\t\tBu\u015fil\u0103 Cosmina &#8211; Voluntar\u0103\t\t\t\t\t\t\t\t\t\n    <p>The Botanica Youth Center is very important to me because here I met wonderful people and friends for life. I always come here with mood and enthusiasm, happy to be&hellip;<\/p>\n\t<meta itemscope itemprop=\"mainEntityOfPage\" itemtype=\"https:\/\/schema.org\/WebPage\" itemid=\"http:\/\/4198\" content=\"Popa Lera\" \/><meta itemprop=\"datePublished\" content=\"2024-02-01\" \/><meta itemprop=\"dateModified\" content=\"2024-02-01\" \/><meta itemprop=\"name\" content=\"E-tineret\"\/><meta itemprop=\"url\" content=\"https:\/\/e-tineret.md\/en\/author\/alexei\/\" \/><meta itemprop=\"name\" content=\"Alexei\" \/><meta itemprop=\"url\" content=\"https:\/\/e-tineret.md\/wp-content\/uploads\/2024\/02\/IMG_0945.jpg\" \/><meta itemprop=\"width\" content=\"1024\" \/><meta itemprop=\"height\" content=\"1280\" \/><meta itemprop=\"interactionType\" content=\"https:\/\/schema.org\/CommentAction\" \/><meta itemprop=\"userInteractionCount\" content=\"0\" \/>\t\n\t\t\t<a href=\"https:\/\/e-tineret.md\/en\/popa-lera\/\" title=\"Popa Lera\"><\/a>\n\t\t\t\t<img loading=\"lazy\" decoding=\"async\" src=\"https:\/\/e-tineret.md\/wp-content\/uploads\/bb-plugin\/cache\/IMG_0945-819x1024-circle-179fc5e492892220f74e23f319caed50-.jpg\" alt=\"IMG_0945\" itemprop=\"image\" data-no-lazy=\"1\" height=\"1024\" width=\"819\" title=\"IMG_0945\" onerror=\"this.style.display='none'\"  \/>\n\t\t\t\t\t\t\t\n\t\t\t\t\t\t\t\t\t\t\tPopa Lera\t\t\t\t\t\t\t\t\t\n    <p>At the Riscani Youth Center, I feel very good, where I find a friendly and supportive environment. My participation in the center has developed my social skills and teamwork abilities.&hellip;<\/p>\n\t<meta itemscope itemprop=\"mainEntityOfPage\" itemtype=\"https:\/\/schema.org\/WebPage\" itemid=\"http:\/\/4199\" content=\"Andreea Ciobanu\" \/><meta itemprop=\"datePublished\" content=\"2024-02-01\" \/><meta itemprop=\"dateModified\" content=\"2024-02-01\" \/><meta itemprop=\"name\" content=\"E-tineret\"\/><meta itemprop=\"url\" content=\"https:\/\/e-tineret.md\/en\/author\/alexei\/\" \/><meta itemprop=\"name\" content=\"Alexei\" \/><meta itemprop=\"url\" content=\"https:\/\/e-tineret.md\/wp-content\/uploads\/2024\/02\/IMG_0946.jpg\" \/><meta itemprop=\"width\" content=\"1080\" \/><meta itemprop=\"height\" content=\"1080\" \/><meta itemprop=\"interactionType\" content=\"https:\/\/schema.org\/CommentAction\" \/><meta itemprop=\"userInteractionCount\" content=\"0\" \/>\t\n\t\t\t<a href=\"https:\/\/e-tineret.md\/en\/andreea-ciobanu\/\" title=\"Andreea Ciobanu\"><\/a>\n\t\t\t\t<img loading=\"lazy\" decoding=\"async\" src=\"https:\/\/e-tineret.md\/wp-content\/uploads\/bb-plugin\/cache\/IMG_0946-1024x1024-circle-12c1cb6bfec42b7a1078fdf149561084-.jpg\" alt=\"IMG_0946\" itemprop=\"image\" data-no-lazy=\"1\" height=\"1024\" width=\"1024\" title=\"IMG_0946\" onerror=\"this.style.display='none'\"  \/>\n\t\t\t\t\t\t\t\n\t\t\t\t\t\t\t\t\t\t\tAndreea Ciobanu\t\t\t\t\t\t\t\t\t\n    <p>At the Riscani Youth Center, I always recharge with positive energy thanks to the atmosphere created by many wonderful people. Here I communicate, have fun, and learn useful things related&hellip;<\/p>\n\t\t<!-- .pp-content-posts -->\n<h2>\n\t\tMap of Youth Centers\n\t<\/h2>\n\t\t\t<a href=\"https:\/\/e-tineret.md\/en\/branches\/\" target=\"_self\" rel=\"noopener\">\n\t\t\t\t\t\t\tView the map\n\t\t\t\t\t<\/a>\n\n","protected":false},"excerpt":{"rendered":"","protected":false},"author":1,"featured_media":0,"parent":0,"menu_order":0,"comment_status":"closed","ping_status":"closed","template":"","meta":{"inline_featured_image":false,"footnotes":""},"class_list":["post-1308","page","type-page","status-publish","hentry"],"_links":{"self":[{"href":"https:\/\/e-tineret.md\/en\/wp-json\/wp\/v2\/pages\/1308","targetHints":{"allow":["GET"]}}],"collection":[{"href":"https:\/\/e-tineret.md\/en\/wp-json\/wp\/v2\/pages"}],"about":[{"href":"https:\/\/e-tineret.md\/en\/wp-json\/wp\/v2\/types\/page"}],"author":[{"embeddable":true,"href":"https:\/\/e-tineret.md\/en\/wp-json\/wp\/v2\/users\/1"}],"replies":[{"embeddable":true,"href":"https:\/\/e-tineret.md\/en\/wp-json\/wp\/v2\/comments?post=1308"}],"version-history":[{"count":8,"href":"https:\/\/e-tineret.md\/en\/wp-json\/wp\/v2\/pages\/1308\/revisions"}],"predecessor-version":[{"id":17710,"href":"https:\/\/e-tineret.md\/en\/wp-json\/wp\/v2\/pages\/1308\/revisions\/17710"}],"wp:attachment":[{"href":"https:\/\/e-tineret.md\/en\/wp-json\/wp\/v2\/media?parent=1308"}],"curies":[{"name":"wp","href":"https:\/\/api.w.org\/{rel}","templated":true}]}}