{"id":4117,"date":"2024-02-11T11:30:54","date_gmt":"2024-02-11T08:30:54","guid":{"rendered":"https:\/\/e-tineret.md\/branches\/"},"modified":"2025-10-15T18:16:35","modified_gmt":"2025-10-15T15:16:35","slug":"branches","status":"publish","type":"page","link":"https:\/\/e-tineret.md\/en\/branches\/","title":{"rendered":"Our subsidiaries"},"content":{"rendered":"\t<div class=\"et-contact-loc-block\">\n\t\t<div class=\"et-contact-loc-grid\">\n\n\t\t\t<div class=\"et-contact-loc-col et-contact-loc-col--text\">\n\t\t\t\t\t\t\t\t\t<h3 class=\"et-contact-loc-title\">Centrul Mun. de Tineret Chi\u0219in\u0103u<\/h3>\n\t\t\t\t\n\t\t\t\t\t\t\t<\/div>\n\n\t\t\t<div class=\"et-contact-loc-col et-contact-loc-col--image\">\n\t\t\t\t\t\t\t\t\t<img width=\"547\" height=\"383\" src=\"https:\/\/e-tineret.md\/wp-content\/uploads\/2025\/09\/2023-06-11-landscape-ef290739c248f28020d2e693ac1d4735-yc5sl0nv46mk.jpg\" class=\"et-contact-loc-image\" alt=\"\" loading=\"lazy\" decoding=\"async\" srcset=\"https:\/\/e-tineret.md\/wp-content\/uploads\/2025\/09\/2023-06-11-landscape-ef290739c248f28020d2e693ac1d4735-yc5sl0nv46mk.jpg 547w, https:\/\/e-tineret.md\/wp-content\/uploads\/2025\/09\/2023-06-11-landscape-ef290739c248f28020d2e693ac1d4735-yc5sl0nv46mk-300x210.jpg 300w\" sizes=\"auto, (max-width: 547px) 100vw, 547px\" \/>\t\t\t\t\t\t\t<\/div>\n\n\t\t\t<div class=\"et-contact-loc-col et-contact-loc-col--info\">\n\t\t\t\t<ul class=\"et-contact-loc-info\">\n\t\t\t\t\t\t\t\t\t\t\t<li class=\"et-cli-item\">\n\t\t\t\t\t\t\t<span class=\"et-cli-label\">Location:<\/span>\n\t\t\t\t\t\t\t<div class=\"et-cli-value\">strada Mitropolit Varlaam 90<\/div>\n\t\t\t\t\t\t<\/li>\n\t\t\t\t\t\t\t\t\t\t\t\t\t\t\t\t<li class=\"et-cli-item\">\n\t\t\t\t\t\t\t<span class=\"et-cli-label\">Phone:<\/span>\n\t\t\t\t\t\t\t<div class=\"et-cli-value\">\n\t\t\t\t\t\t\t\t<a href=\"tel:+37322923555\">+373 22 923 555<\/a>\n\t\t\t\t\t\t\t<\/div>\n\t\t\t\t\t\t<\/li>\n\t\t\t\t\t\t\t\t\t\t\t\t\t\t\t\t<li class=\"et-cli-item\">\n\t\t\t\t\t\t\t<span class=\"et-cli-label\">Email address:<\/span>\n\t\t\t\t\t\t\t<div class=\"et-cli-value\">\n\t\t\t\t\t\t\t\t<a href=\"mailto:centru.chisinau@gmail.com\">centru.chisinau@gmail.com<\/a>\n\t\t\t\t\t\t\t<\/div>\n\t\t\t\t\t\t<\/li>\n\t\t\t\t\t\t\t\t\t\t\t\t\t\t\t\t<li class=\"et-cli-item\">\n\t\t\t\t\t\t\t<span class=\"et-cli-label\">Our schedule<\/span>\n\t\t\t\t\t\t\t<div class=\"et-cli-value\">mar\u021bi &#8211; s\u00e2mb\u0103t\u0103 | 10:00 &#8211; 19:00<\/div>\n\t\t\t\t\t\t<\/li>\n\t\t\t\t\t\t\t\t\t<\/ul>\n\t\t\t<\/div>\n\n\t\t<\/div>\n\t<\/div>\n\t\n\n\t<div class=\"et-contact-loc-block\">\n\t\t<div class=\"et-contact-loc-grid\">\n\n\t\t\t<div class=\"et-contact-loc-col et-contact-loc-col--text\">\n\t\t\t\t\t\t\t\t\t<h3 class=\"et-contact-loc-title\">Centrul de Tineret Buiucani<\/h3>\n\t\t\t\t\n\t\t\t\t\t\t\t<\/div>\n\n\t\t\t<div class=\"et-contact-loc-col et-contact-loc-col--image\">\n\t\t\t\t\t\t\t\t\t<img width=\"287\" height=\"200\" src=\"https:\/\/e-tineret.md\/wp-content\/uploads\/2025\/09\/2022-06-22-landscape-7c7672125b918acf6889ac55897a60fd-8fn0l1u3vgtc.jpg\" class=\"et-contact-loc-image\" alt=\"\" loading=\"lazy\" decoding=\"async\" \/>\t\t\t\t\t\t\t<\/div>\n\n\t\t\t<div class=\"et-contact-loc-col et-contact-loc-col--info\">\n\t\t\t\t<ul class=\"et-contact-loc-info\">\n\t\t\t\t\t\t\t\t\t\t\t<li class=\"et-cli-item\">\n\t\t\t\t\t\t\t<span class=\"et-cli-label\">Location:<\/span>\n\t\t\t\t\t\t\t<div class=\"et-cli-value\">strada Ghidighici<\/div>\n\t\t\t\t\t\t<\/li>\n\t\t\t\t\t\t\t\t\t\t\t\t\t\t\t\t<li class=\"et-cli-item\">\n\t\t\t\t\t\t\t<span class=\"et-cli-label\">Phone:<\/span>\n\t\t\t\t\t\t\t<div class=\"et-cli-value\">\n\t\t\t\t\t\t\t\t<a href=\"tel:+37322923551\">+373 22 923 551<\/a>\n\t\t\t\t\t\t\t<\/div>\n\t\t\t\t\t\t<\/li>\n\t\t\t\t\t\t\t\t\t\t\t\t\t\t\t\t<li class=\"et-cli-item\">\n\t\t\t\t\t\t\t<span class=\"et-cli-label\">Email address:<\/span>\n\t\t\t\t\t\t\t<div class=\"et-cli-value\">\n\t\t\t\t\t\t\t\t<a href=\"mailto:centru.buiucani@gmail.com\">centru.buiucani@gmail.com<\/a>\n\t\t\t\t\t\t\t<\/div>\n\t\t\t\t\t\t<\/li>\n\t\t\t\t\t\t\t\t\t\t\t\t\t\t\t\t<li class=\"et-cli-item\">\n\t\t\t\t\t\t\t<span class=\"et-cli-label\">Our schedule<\/span>\n\t\t\t\t\t\t\t<div class=\"et-cli-value\">mar\u021bi &#8211; s\u00e2mb\u0103t\u0103 | 10:00 &#8211; 19:00<\/div>\n\t\t\t\t\t\t<\/li>\n\t\t\t\t\t\t\t\t\t<\/ul>\n\t\t\t<\/div>\n\n\t\t<\/div>\n\t<\/div>\n\t\n\n\t<div class=\"et-contact-loc-block\">\n\t\t<div class=\"et-contact-loc-grid\">\n\n\t\t\t<div class=\"et-contact-loc-col et-contact-loc-col--text\">\n\t\t\t\t\t\t\t\t\t<h3 class=\"et-contact-loc-title\">Centrul de Tineret R\u00ee\u0219cani<\/h3>\n\t\t\t\t\n\t\t\t\t\t\t\t<\/div>\n\n\t\t\t<div class=\"et-contact-loc-col et-contact-loc-col--image\">\n\t\t\t\t\t\t\t\t\t<img width=\"680\" height=\"475\" src=\"https:\/\/e-tineret.md\/wp-content\/uploads\/2025\/09\/photo_2023-02-03_15-45-12-landscape-891459d68bee850190764f18048dcad7-ar48m62vpbuw.jpg\" class=\"et-contact-loc-image\" alt=\"\" loading=\"lazy\" decoding=\"async\" srcset=\"https:\/\/e-tineret.md\/wp-content\/uploads\/2025\/09\/photo_2023-02-03_15-45-12-landscape-891459d68bee850190764f18048dcad7-ar48m62vpbuw.jpg 680w, https:\/\/e-tineret.md\/wp-content\/uploads\/2025\/09\/photo_2023-02-03_15-45-12-landscape-891459d68bee850190764f18048dcad7-ar48m62vpbuw-300x210.jpg 300w\" sizes=\"auto, (max-width: 680px) 100vw, 680px\" \/>\t\t\t\t\t\t\t<\/div>\n\n\t\t\t<div class=\"et-contact-loc-col et-contact-loc-col--info\">\n\t\t\t\t<ul class=\"et-contact-loc-info\">\n\t\t\t\t\t\t\t\t\t\t\t<li class=\"et-cli-item\">\n\t\t\t\t\t\t\t<span class=\"et-cli-label\">Location:<\/span>\n\t\t\t\t\t\t\t<div class=\"et-cli-value\">strada Miron Costin 7B<\/div>\n\t\t\t\t\t\t<\/li>\n\t\t\t\t\t\t\t\t\t\t\t\t\t\t\t\t<li class=\"et-cli-item\">\n\t\t\t\t\t\t\t<span class=\"et-cli-label\">Phone:<\/span>\n\t\t\t\t\t\t\t<div class=\"et-cli-value\">\n\t\t\t\t\t\t\t\t<a href=\"tel:+37322923552\">+373 22 923 552<\/a>\n\t\t\t\t\t\t\t<\/div>\n\t\t\t\t\t\t<\/li>\n\t\t\t\t\t\t\t\t\t\t\t\t\t\t\t\t<li class=\"et-cli-item\">\n\t\t\t\t\t\t\t<span class=\"et-cli-label\">Email address:<\/span>\n\t\t\t\t\t\t\t<div class=\"et-cli-value\">\n\t\t\t\t\t\t\t\t<a href=\"mailto:centrul.riscani@gmail.com\">centrul.riscani@gmail.com<\/a>\n\t\t\t\t\t\t\t<\/div>\n\t\t\t\t\t\t<\/li>\n\t\t\t\t\t\t\t\t\t\t\t\t\t\t\t\t<li class=\"et-cli-item\">\n\t\t\t\t\t\t\t<span class=\"et-cli-label\">Our schedule<\/span>\n\t\t\t\t\t\t\t<div class=\"et-cli-value\">mar\u021bi &#8211; s\u00e2mb\u0103t\u0103 | 10:00 &#8211; 19:00<\/div>\n\t\t\t\t\t\t<\/li>\n\t\t\t\t\t\t\t\t\t<\/ul>\n\t\t\t<\/div>\n\n\t\t<\/div>\n\t<\/div>\n\t\n\n\t<div class=\"et-contact-loc-block\">\n\t\t<div class=\"et-contact-loc-grid\">\n\n\t\t\t<div class=\"et-contact-loc-col et-contact-loc-col--text\">\n\t\t\t\t\t\t\t\t\t<h3 class=\"et-contact-loc-title\">Centrul de Tineret Ciocana<\/h3>\n\t\t\t\t\n\t\t\t\t\t\t\t<\/div>\n\n\t\t\t<div class=\"et-contact-loc-col et-contact-loc-col--image\">\n\t\t\t\t\t\t\t\t\t<img width=\"680\" height=\"475\" src=\"https:\/\/e-tineret.md\/wp-content\/uploads\/2025\/09\/2023-12-14-landscape-78138ba94b1cec58dd5225f8f25bb021-nrf4itb596x0.jpg\" class=\"et-contact-loc-image\" alt=\"\" loading=\"lazy\" decoding=\"async\" srcset=\"https:\/\/e-tineret.md\/wp-content\/uploads\/2025\/09\/2023-12-14-landscape-78138ba94b1cec58dd5225f8f25bb021-nrf4itb596x0.jpg 680w, https:\/\/e-tineret.md\/wp-content\/uploads\/2025\/09\/2023-12-14-landscape-78138ba94b1cec58dd5225f8f25bb021-nrf4itb596x0-300x210.jpg 300w\" sizes=\"auto, (max-width: 680px) 100vw, 680px\" \/>\t\t\t\t\t\t\t<\/div>\n\n\t\t\t<div class=\"et-contact-loc-col et-contact-loc-col--info\">\n\t\t\t\t<ul class=\"et-contact-loc-info\">\n\t\t\t\t\t\t\t\t\t\t\t<li class=\"et-cli-item\">\n\t\t\t\t\t\t\t<span class=\"et-cli-label\">Location:<\/span>\n\t\t\t\t\t\t\t<div class=\"et-cli-value\">strada Petru Zadnipru 3\/2<\/div>\n\t\t\t\t\t\t<\/li>\n\t\t\t\t\t\t\t\t\t\t\t\t\t\t\t\t<li class=\"et-cli-item\">\n\t\t\t\t\t\t\t<span class=\"et-cli-label\">Phone:<\/span>\n\t\t\t\t\t\t\t<div class=\"et-cli-value\">\n\t\t\t\t\t\t\t\t<a href=\"tel:+37322482420\">+373 22 482 420<\/a>\n\t\t\t\t\t\t\t<\/div>\n\t\t\t\t\t\t<\/li>\n\t\t\t\t\t\t\t\t\t\t\t\t\t\t\t\t<li class=\"et-cli-item\">\n\t\t\t\t\t\t\t<span class=\"et-cli-label\">Email address:<\/span>\n\t\t\t\t\t\t\t<div class=\"et-cli-value\">\n\t\t\t\t\t\t\t\t<a href=\"mailto:centru.ciocana@gmail.com\">centru.ciocana@gmail.com<\/a>\n\t\t\t\t\t\t\t<\/div>\n\t\t\t\t\t\t<\/li>\n\t\t\t\t\t\t\t\t\t\t\t\t\t\t\t\t<li class=\"et-cli-item\">\n\t\t\t\t\t\t\t<span class=\"et-cli-label\">Our schedule<\/span>\n\t\t\t\t\t\t\t<div class=\"et-cli-value\">mar\u021bi &#8211; s\u00e2mb\u0103t\u0103 | 10:00 &#8211; 19:00<\/div>\n\t\t\t\t\t\t<\/li>\n\t\t\t\t\t\t\t\t\t<\/ul>\n\t\t\t<\/div>\n\n\t\t<\/div>\n\t<\/div>\n\t\n\n\t<div class=\"et-contact-loc-block\">\n\t\t<div class=\"et-contact-loc-grid\">\n\n\t\t\t<div class=\"et-contact-loc-col et-contact-loc-col--text\">\n\t\t\t\t\t\t\t\t\t<h3 class=\"et-contact-loc-title\">Centrul de Tineret Botanica<\/h3>\n\t\t\t\t\n\t\t\t\t\t\t\t<\/div>\n\n\t\t\t<div class=\"et-contact-loc-col et-contact-loc-col--image\">\n\t\t\t\t\t\t\t\t\t<img width=\"314\" height=\"220\" src=\"https:\/\/e-tineret.md\/wp-content\/uploads\/2025\/09\/Rectangle-68-landscape-100fd738cc56077b52f35b517bb0db5b-i7tu1a43ry2n.jpg\" class=\"et-contact-loc-image\" alt=\"\" loading=\"lazy\" decoding=\"async\" srcset=\"https:\/\/e-tineret.md\/wp-content\/uploads\/2025\/09\/Rectangle-68-landscape-100fd738cc56077b52f35b517bb0db5b-i7tu1a43ry2n.jpg 314w, https:\/\/e-tineret.md\/wp-content\/uploads\/2025\/09\/Rectangle-68-landscape-100fd738cc56077b52f35b517bb0db5b-i7tu1a43ry2n-300x210.jpg 300w\" sizes=\"auto, (max-width: 314px) 100vw, 314px\" \/>\t\t\t\t\t\t\t<\/div>\n\n\t\t\t<div class=\"et-contact-loc-col et-contact-loc-col--info\">\n\t\t\t\t<ul class=\"et-contact-loc-info\">\n\t\t\t\t\t\t\t\t\t\t\t<li class=\"et-cli-item\">\n\t\t\t\t\t\t\t<span class=\"et-cli-label\">Location:<\/span>\n\t\t\t\t\t\t\t<div class=\"et-cli-value\">Bulevardul Dacia 37\/1<\/div>\n\t\t\t\t\t\t<\/li>\n\t\t\t\t\t\t\t\t\t\t\t\t\t\t\t\t<li class=\"et-cli-item\">\n\t\t\t\t\t\t\t<span class=\"et-cli-label\">Phone:<\/span>\n\t\t\t\t\t\t\t<div class=\"et-cli-value\">\n\t\t\t\t\t\t\t\t<a href=\"tel:+37322923550\">+373 22 923 550<\/a>\n\t\t\t\t\t\t\t<\/div>\n\t\t\t\t\t\t<\/li>\n\t\t\t\t\t\t\t\t\t\t\t\t\t\t\t\t<li class=\"et-cli-item\">\n\t\t\t\t\t\t\t<span class=\"et-cli-label\">Email address:<\/span>\n\t\t\t\t\t\t\t<div class=\"et-cli-value\">\n\t\t\t\t\t\t\t\t<a href=\"mailto:centru.botanica@gmail.com\">centru.botanica@gmail.com<\/a>\n\t\t\t\t\t\t\t<\/div>\n\t\t\t\t\t\t<\/li>\n\t\t\t\t\t\t\t\t\t\t\t\t\t\t\t\t<li class=\"et-cli-item\">\n\t\t\t\t\t\t\t<span class=\"et-cli-label\">Our schedule<\/span>\n\t\t\t\t\t\t\t<div class=\"et-cli-value\">mar\u021bi &#8211; s\u00e2mb\u0103t\u0103 | 10:00 &#8211; 19:00<\/div>\n\t\t\t\t\t\t<\/li>\n\t\t\t\t\t\t\t\t\t<\/ul>\n\t\t\t<\/div>\n\n\t\t<\/div>\n\t<\/div>\n\t","protected":false},"excerpt":{"rendered":"","protected":false},"author":1,"featured_media":0,"parent":0,"menu_order":0,"comment_status":"closed","ping_status":"closed","template":"","meta":{"inline_featured_image":false,"footnotes":""},"class_list":["post-4117","page","type-page","status-publish","hentry"],"_links":{"self":[{"href":"https:\/\/e-tineret.md\/en\/wp-json\/wp\/v2\/pages\/4117","targetHints":{"allow":["GET"]}}],"collection":[{"href":"https:\/\/e-tineret.md\/en\/wp-json\/wp\/v2\/pages"}],"about":[{"href":"https:\/\/e-tineret.md\/en\/wp-json\/wp\/v2\/types\/page"}],"author":[{"embeddable":true,"href":"https:\/\/e-tineret.md\/en\/wp-json\/wp\/v2\/users\/1"}],"replies":[{"embeddable":true,"href":"https:\/\/e-tineret.md\/en\/wp-json\/wp\/v2\/comments?post=4117"}],"version-history":[{"count":2,"href":"https:\/\/e-tineret.md\/en\/wp-json\/wp\/v2\/pages\/4117\/revisions"}],"predecessor-version":[{"id":31955,"href":"https:\/\/e-tineret.md\/en\/wp-json\/wp\/v2\/pages\/4117\/revisions\/31955"}],"wp:attachment":[{"href":"https:\/\/e-tineret.md\/en\/wp-json\/wp\/v2\/media?parent=4117"}],"curies":[{"name":"wp","href":"https:\/\/api.w.org\/{rel}","templated":true}]}}